{"id":2181,"date":"2023-08-28T23:42:33","date_gmt":"2023-08-28T15:42:33","guid":{"rendered":"https:\/\/cocoadhesive.com\/?post_type=product&#038;p=2181"},"modified":"2023-09-01T15:40:47","modified_gmt":"2023-09-01T07:40:47","slug":"e-8000-glue","status":"publish","type":"product","link":"https:\/\/cocoadhesive.com\/es\/product\/e-8000-pegamento\/","title":{"rendered":"Pegamento E 8000"},"content":{"rendered":"<h3>UNI\u00d3N VERS\u00c1TIL:<\/h3>\n<p>El adhesivo COCO E8000 une sin esfuerzo materiales como metal, vidrio, cer\u00e1mica, piedra, bamb\u00fa, madera, tejidos, cuero, PE, PP, PVC, ABS, nylon, esponja, pel\u00edcula, textiles, electr\u00f3nica, pl\u00e1sticos, caucho, papel de fibra, e incluso tipoGlassRhinestones, garantizando una fuerte adhesi\u00f3n a trav\u00e9s de una variedad de superficies.<\/p>\n<h3>PERFECTO PARA MANUALIDADES:<\/h3>\n<p>El E8000 es el adhesivo ideal para aplicaciones artesanales, desde la fabricaci\u00f3n de juguetes y arreglos florales hasta la creaci\u00f3n de joyas.<\/p>\n<h3>ADHERENCIA MULTIMATERIAL:<\/h3>\n<p>Tanto si trabaja con metal, cer\u00e1mica, textiles o pl\u00e1sticos, el adhesivo E 8000 garantiza una uni\u00f3n firme y duradera, lo que lo convierte en una herramienta indispensable para diversos proyectos.<\/p>\n<h3>F\u00c1CIL APLICACI\u00d3N:<\/h3>\n<p>Este innovador adhesivo monocomponente ofrece una soluci\u00f3n transparente que cura a temperatura ambiente. Gracias a su dise\u00f1o f\u00e1cil de usar, no es necesario mezclar y puede utilizarse varias veces una vez abierto.<\/p>\n<h3>FUERZA FLEXIBLE:<\/h3>\n<p>El adhesivo E 8000 no se limita a pegar; proporciona una gran elasticidad, garantizando una uni\u00f3n flexible pero fuerte. Sus propiedades de pel\u00edcula blanda ofrecen resistencia a las vibraciones, por lo que es impermeable y duradero para todas sus necesidades de pegado.<\/p>\n<p>&nbsp;<\/p>\n<h3><strong>USO:<\/strong><\/h3>\n<ol>\n<li>Aseg\u00farese de leer detenidamente la descripci\u00f3n del producto antes de utilizarlo.<\/li>\n<li>Antes de la aplicaci\u00f3n generalizada, pruebe primero en una zona peque\u00f1a.<\/li>\n<li>Aseg\u00farese de que las superficies a pegar est\u00e9n limpias y secas.<\/li>\n<li>La mejor temperatura para la aplicaci\u00f3n es entre 18-32 grados Celsius.<\/li>\n<li>Aplique el adhesivo uniformemente sobre la zona deseada directamente del frasco.<\/li>\n<li>Despu\u00e9s de esperar de 3 a 6 minutos, presiona ligeramente las dos superficies.<\/li>\n<li>Deje que se endurezca durante varias horas; la mejor fuerza de adhesi\u00f3n se consigue despu\u00e9s de 48 horas.<\/li>\n<li>Despu\u00e9s de usarlo, cierre bien el frasco para evitar la exposici\u00f3n al aire y que se seque.<\/li>\n<\/ol>\n<p>&nbsp;<\/p>\n<h3><strong>Precauciones de seguridad:<\/strong><\/h3>\n<ul>\n<li>Puede causar irritaci\u00f3n cut\u00e1nea y ocular.<\/li>\n<li>Utilizar siempre en zonas con buena ventilaci\u00f3n.<\/li>\n<li>Si entra en contacto con los ojos, l\u00e1velos inmediatamente con abundante agua.<\/li>\n<li>Almacenar fuera del alcance de los ni\u00f1os y mantener alejado de las llamas durante su uso.<\/li>\n<li>Tiene una caducidad de 2 a\u00f1os; compruebe la fecha de caducidad del producto para un uso seguro.<\/li>\n<\/ul>","protected":false},"excerpt":{"rendered":"<p>Adhesivo COCO E 8000 Se trata de un potente adhesivo universal adecuado para casi cualquier superficie. Tanto si se trata de pegar materiales porosos como no porosos, su f\u00f3rmula exclusiva garantiza una uni\u00f3n duradera. Aplicado directamente o como adhesivo de contacto, se vuelve resistente al agua y a la abrasi\u00f3n una vez seco. Perfecto para madera, metal, vidrio, cer\u00e1mica y m\u00e1s, cura en 24 a 72 horas. Aunque se puede diluir con percloroetileno, es esencial tener en cuenta que, una vez seco, es dif\u00edcil de eliminar. Aseg\u00farese de que haya una ventilaci\u00f3n adecuada y protecci\u00f3n respiratoria durante su uso.<\/p>\n<p>Podemos personalizar los productos seg\u00fan sus necesidades.<\/p>\n<p><strong>MOQ<\/strong>: 10.000 unidades<\/p>\n<p><strong>Muestra\uff1a<\/strong>\u00a0gratuito<\/p>","protected":false},"featured_media":2275,"template":"","meta":{"footnotes":""},"product_cat":[104],"product_tag":[107,105,113,106],"product-category":[],"product-tag":[],"class_list":["post-2181","product","type-product","status-publish","has-post-thumbnail","hentry","product_cat-cellphone-adhesive","product_tag-adhesive","product_tag-cellphone-repair","product_tag-e8000","product_tag-zero-toluene"],"_links":{"self":[{"href":"https:\/\/cocoadhesive.com\/es\/wp-json\/wp\/v2\/product\/2181","targetHints":{"allow":["GET"]}}],"collection":[{"href":"https:\/\/cocoadhesive.com\/es\/wp-json\/wp\/v2\/product"}],"about":[{"href":"https:\/\/cocoadhesive.com\/es\/wp-json\/wp\/v2\/types\/product"}],"version-history":[{"count":9,"href":"https:\/\/cocoadhesive.com\/es\/wp-json\/wp\/v2\/product\/2181\/revisions"}],"predecessor-version":[{"id":2273,"href":"https:\/\/cocoadhesive.com\/es\/wp-json\/wp\/v2\/product\/2181\/revisions\/2273"}],"wp:featuredmedia":[{"embeddable":true,"href":"https:\/\/cocoadhesive.com\/es\/wp-json\/wp\/v2\/media\/2275"}],"wp:attachment":[{"href":"https:\/\/cocoadhesive.com\/es\/wp-json\/wp\/v2\/media?parent=2181"}],"wp:term":[{"taxonomy":"product_cat","embeddable":true,"href":"https:\/\/cocoadhesive.com\/es\/wp-json\/wp\/v2\/product_cat?post=2181"},{"taxonomy":"product_tag","embeddable":true,"href":"https:\/\/cocoadhesive.com\/es\/wp-json\/wp\/v2\/product_tag?post=2181"},{"taxonomy":"product-category","embeddable":true,"href":"https:\/\/cocoadhesive.com\/es\/wp-json\/wp\/v2\/product-category?post=2181"},{"taxonomy":"product-tag","embeddable":true,"href":"https:\/\/cocoadhesive.com\/es\/wp-json\/wp\/v2\/product-tag?post=2181"}],"curies":[{"name":"wp","href":"https:\/\/api.w.org\/{rel}","templated":true}]}}