{"id":2297,"date":"2023-08-30T09:59:26","date_gmt":"2023-08-30T01:59:26","guid":{"rendered":"https:\/\/cocoadhesive.com\/?post_type=product&#038;p=2297"},"modified":"2023-08-30T09:59:27","modified_gmt":"2023-08-30T01:59:27","slug":"b-6000-glue","status":"publish","type":"product","link":"https:\/\/cocoadhesive.com\/es\/product\/pegamento-b-6000\/","title":{"rendered":"Pegamento B 6000"},"content":{"rendered":"<p>Cuando busque un adhesivo fiable para reparaciones electr\u00f3nicas, especialmente para tel\u00e9fonos m\u00f3viles y tabletas, no busque m\u00e1s que el adhesivo para m\u00f3viles. Con un impresionante contenido en s\u00f3lidos de 30%-35%, el pegamento adhesivo COCO B 6000 destaca en el competitivo mercado de los adhesivos. No s\u00f3lo supera en adhesi\u00f3n a los pegamentos de silicona, acr\u00edlico y caucho, sino que su capacidad para resistir gases, l\u00edquidos y corrientes de aire garantiza un rendimiento sin igual bajo el agua.<\/p>\n<div class=\"elementor-element elementor-element-228cefd9 elementor-widget elementor-widget-text-editor\" data-id=\"228cefd9\" data-element_type=\"widget\" data-widget_type=\"text-editor.default\">\n<div class=\"elementor-widget-container\">\n<h3><strong>Dise\u00f1o de precisi\u00f3n:<\/strong><\/h3>\n<p>El adhesivo COCO no es un pegamento para strass m\u00e1s. Su exclusiva punta incorporada facilita la precisi\u00f3n, permiti\u00e9ndole pasar de peque\u00f1os puntos a l\u00edneas continuas sin esfuerzo. Adem\u00e1s, su dise\u00f1o es a prueba de derrames, lo que garantiza que no se desperdicie nada y evita los atascos posteriores al uso, mejorando la experiencia del usuario.<\/p>\n<h3><strong>La soluci\u00f3n multiusos definitiva:<\/strong><\/h3>\n<p>Desde electr\u00f3nica, joyer\u00eda y pedrer\u00eda hasta cuero y cer\u00e1mica, el adhesivo COCO es la soluci\u00f3n perfecta. Su inigualable versatilidad es testimonio de su eficacia para pegar materiales como madera, pl\u00e1stico, hormig\u00f3n, vidrio, metal, caucho, fibra, papel, PVC y muchos m\u00e1s. Experimente la incomparable fuerza adhesiva de COCO, el pegamento para cuero l\u00edder del sector.<\/p>\n<h3><strong>Construido para durar:<\/strong><\/h3>\n<p>La elasticidad y la durabilidad son las piedras angulares de la cola para tejidos COCO. Con la capacidad de estirarse hasta 900% sin romperse, su resistencia es inigualable. \u00bfY lo mejor? Mantiene su aspecto cristalino sin amarillear despu\u00e9s del curado.<\/p>\n<h3><strong>Servicio posventa centrado en el cliente:<\/strong><\/h3>\n<p>En COCO, la satisfacci\u00f3n del cliente es primordial. \u00bfTiene alguna duda o problema con nuestro pegamento l\u00edquido de fusi\u00f3n para strass? P\u00f3ngase en contacto con nuestro equipo especializado y experimente nuestro compromiso de garantizar su satisfacci\u00f3n.<\/p>\n<\/div>\n<p>&nbsp;<\/p>\n<\/div>\n<h3><strong>USO:<\/strong><\/h3>\n<ol>\n<li>Aseg\u00farese de leer detenidamente la descripci\u00f3n del producto antes de utilizarlo.<\/li>\n<li>Antes de la aplicaci\u00f3n generalizada, pruebe primero en una zona peque\u00f1a.<\/li>\n<li>Aseg\u00farese de que las superficies a pegar est\u00e9n limpias y secas.<\/li>\n<li>La mejor temperatura para la aplicaci\u00f3n es entre 18-32 grados Celsius.<\/li>\n<li>Aplique el adhesivo uniformemente sobre la zona deseada directamente del frasco.<\/li>\n<li>Despu\u00e9s de esperar de 3 a 6 minutos, presiona ligeramente las dos superficies.<\/li>\n<li>Deje que se endurezca durante varias horas; la mejor fuerza de adhesi\u00f3n se consigue despu\u00e9s de 48 horas.<\/li>\n<li>Despu\u00e9s de usarlo, cierre bien el frasco para evitar la exposici\u00f3n al aire y que se seque.<\/li>\n<\/ol>\n<p>&nbsp;<\/p>\n<h3><strong>Precauciones de seguridad:<\/strong><\/h3>\n<ul>\n<li>Puede causar irritaci\u00f3n cut\u00e1nea y ocular.<\/li>\n<li>Utilizar siempre en zonas con buena ventilaci\u00f3n.<\/li>\n<li>Si entra en contacto con los ojos, l\u00e1velos inmediatamente con abundante agua.<\/li>\n<li>Almacenar fuera del alcance de los ni\u00f1os y mantener alejado de las llamas durante su uso.<\/li>\n<li>Tiene una caducidad de 2 a\u00f1os; compruebe la fecha de caducidad del producto para un uso seguro.<\/li>\n<\/ul>","protected":false},"excerpt":{"rendered":"<p>La cola COCO B6000 es un adhesivo vers\u00e1til conocido por su gran capacidad de pegado. Adecuado para diversas superficies, se seca r\u00e1pidamente, garantizando resultados duraderos y de larga duraci\u00f3n. Ideal para aplicaciones dom\u00e9sticas e industriales, este adhesivo proporciona una fijaci\u00f3n segura y resiste factores ambientales como la humedad y la temperatura. Su dise\u00f1o f\u00e1cil de usar facilita su aplicaci\u00f3n, consolidando su reputaci\u00f3n como una opci\u00f3n fiable para todas las necesidades adhesivas.<\/p>\n<p>Podemos personalizar los productos seg\u00fan sus necesidades.<\/p>\n<p><strong>MOQ<\/strong>: 10.000 unidades<\/p>\n<p><strong>Muestra\uff1a<\/strong>\u00a0Gratuito<\/p>","protected":false},"featured_media":1672,"template":"","meta":{"footnotes":""},"product_cat":[104],"product_tag":[107,115,105,106],"product-category":[],"product-tag":[],"class_list":["post-2297","product","type-product","status-publish","has-post-thumbnail","hentry","product_cat-cellphone-adhesive","product_tag-adhesive","product_tag-b6000","product_tag-cellphone-repair","product_tag-zero-toluene"],"_links":{"self":[{"href":"https:\/\/cocoadhesive.com\/es\/wp-json\/wp\/v2\/product\/2297","targetHints":{"allow":["GET"]}}],"collection":[{"href":"https:\/\/cocoadhesive.com\/es\/wp-json\/wp\/v2\/product"}],"about":[{"href":"https:\/\/cocoadhesive.com\/es\/wp-json\/wp\/v2\/types\/product"}],"version-history":[{"count":1,"href":"https:\/\/cocoadhesive.com\/es\/wp-json\/wp\/v2\/product\/2297\/revisions"}],"predecessor-version":[{"id":2298,"href":"https:\/\/cocoadhesive.com\/es\/wp-json\/wp\/v2\/product\/2297\/revisions\/2298"}],"wp:featuredmedia":[{"embeddable":true,"href":"https:\/\/cocoadhesive.com\/es\/wp-json\/wp\/v2\/media\/1672"}],"wp:attachment":[{"href":"https:\/\/cocoadhesive.com\/es\/wp-json\/wp\/v2\/media?parent=2297"}],"wp:term":[{"taxonomy":"product_cat","embeddable":true,"href":"https:\/\/cocoadhesive.com\/es\/wp-json\/wp\/v2\/product_cat?post=2297"},{"taxonomy":"product_tag","embeddable":true,"href":"https:\/\/cocoadhesive.com\/es\/wp-json\/wp\/v2\/product_tag?post=2297"},{"taxonomy":"product-category","embeddable":true,"href":"https:\/\/cocoadhesive.com\/es\/wp-json\/wp\/v2\/product-category?post=2297"},{"taxonomy":"product-tag","embeddable":true,"href":"https:\/\/cocoadhesive.com\/es\/wp-json\/wp\/v2\/product-tag?post=2297"}],"curies":[{"name":"wp","href":"https:\/\/api.w.org\/{rel}","templated":true}]}}