{"id":2181,"date":"2023-08-28T23:42:33","date_gmt":"2023-08-28T15:42:33","guid":{"rendered":"https:\/\/cocoadhesive.com\/?post_type=product&#038;p=2181"},"modified":"2023-09-01T15:40:47","modified_gmt":"2023-09-01T07:40:47","slug":"e-8000-glue","status":"publish","type":"product","link":"https:\/\/cocoadhesive.com\/fr\/product\/e-8000-colle\/","title":{"rendered":"Colle E 8000"},"content":{"rendered":"<h3>LE COLLAGE POLYVALENT :<\/h3>\n<p>L'adh\u00e9sif COCO E8000 lie sans effort des mat\u00e9riaux tels que le m\u00e9tal, le verre, la c\u00e9ramique, la pierre, le bambou, le bois, les tissus, le cuir, le PE, le PP, le PVC, l'ABS, le nylon, l'\u00e9ponge, les films, les textiles, l'\u00e9lectronique, les plastiques, le caoutchouc, les fibres de papier, et m\u00eame les strass de typeGlass, garantissant une forte adh\u00e9rence sur une grande vari\u00e9t\u00e9 de surfaces.<\/p>\n<h3>PARFAIT POUR LES TRAVAUX MANUELS :<\/h3>\n<p>E8000 est l'adh\u00e9sif id\u00e9al pour les applications artisanales, de la fabrication de jouets \u00e0 la cr\u00e9ation de bijoux en passant par les compositions florales.<\/p>\n<h3>L'ADH\u00c9RENCE MULTI-MAT\u00c9RIAUX :<\/h3>\n<p>Que vous travailliez le m\u00e9tal, la c\u00e9ramique, le textile ou le plastique, l'adh\u00e9sif E 8000 assure une liaison ferme et durable, ce qui en fait un outil indispensable pour divers projets.<\/p>\n<h3>APPLICATION FACILE :<\/h3>\n<p>Cet adh\u00e9sif monocomposant innovant offre une solution transparente qui durcit \u00e0 temp\u00e9rature ambiante. Sa conception conviviale signifie qu'aucun m\u00e9lange n'est n\u00e9cessaire et qu'il peut \u00eatre utilis\u00e9 plusieurs fois apr\u00e8s ouverture.<\/p>\n<h3>LA R\u00c9SISTANCE \u00c0 LA FLEXION :<\/h3>\n<p>L'adh\u00e9sif E 8000 ne se contente pas de coller ; il offre une grande \u00e9lasticit\u00e9, garantissant un collage \u00e0 la fois souple et solide. Ses propri\u00e9t\u00e9s de film souple offrent une r\u00e9sistance aux vibrations, ce qui le rend \u00e9tanche et durable pour tous vos besoins de collage.<\/p>\n<p>&nbsp;<\/p>\n<h3><strong>UTILISER :<\/strong><\/h3>\n<ol>\n<li>Veillez \u00e0 lire attentivement la description du produit avant de l'utiliser.<\/li>\n<li>Avant de proc\u00e9der \u00e0 une application g\u00e9n\u00e9ralis\u00e9e, il convient d'effectuer un essai sur une petite surface.<\/li>\n<li>S'assurer que les surfaces \u00e0 coller sont propres et s\u00e8ches.<\/li>\n<li>La meilleure temp\u00e9rature pour l'application se situe entre 18 et 32 degr\u00e9s Celsius.<\/li>\n<li>Appliquer uniform\u00e9ment l'adh\u00e9sif sur la zone souhait\u00e9e, directement \u00e0 partir du flacon.<\/li>\n<li>Apr\u00e8s avoir attendu 3 \u00e0 6 minutes, presser l\u00e9g\u00e8rement les deux surfaces l'une contre l'autre.<\/li>\n<li>Laisser durcir pendant plusieurs heures ; la meilleure force d'adh\u00e9rence est obtenue apr\u00e8s 48 heures.<\/li>\n<li>Apr\u00e8s utilisation, fermer herm\u00e9tiquement le flacon pour \u00e9viter l'exposition \u00e0 l'air et le dess\u00e8chement.<\/li>\n<\/ol>\n<p>&nbsp;<\/p>\n<h3><strong>Pr\u00e9cautions de s\u00e9curit\u00e9 :<\/strong><\/h3>\n<ul>\n<li>Peut provoquer une irritation de la peau et des yeux.<\/li>\n<li>Toujours utiliser dans des endroits bien ventil\u00e9s.<\/li>\n<li>En cas de contact avec les yeux, rincer imm\u00e9diatement et abondamment avec de l'eau.<\/li>\n<li>Conserver hors de port\u00e9e des enfants et tenir \u00e0 l'\u00e9cart des flammes pendant l'utilisation.<\/li>\n<li>A une dur\u00e9e de conservation de 2 ans ; v\u00e9rifier la date de fin d'utilisation du produit pour une utilisation s\u00fbre.<\/li>\n<\/ul>","protected":false},"excerpt":{"rendered":"<p>Adh\u00e9sif COCO E 8000 Il s'agit d'un adh\u00e9sif puissant et universel qui convient \u00e0 presque toutes les surfaces. Qu'il s'agisse de coller des mat\u00e9riaux poreux ou non poreux, sa formule unique assure une connexion durable. Appliqu\u00e9 directement ou comme adh\u00e9sif de contact, il devient r\u00e9sistant \u00e0 l'eau et \u00e0 l'abrasion une fois s\u00e9ch\u00e9. Parfait pour le bois, le m\u00e9tal, le verre, la c\u00e9ramique, etc., il durcit en 24 \u00e0 72 heures. Bien qu'il soit diluable avec le perchloro\u00e9thyl\u00e8ne, il est essentiel de noter qu'une fois s\u00e9ch\u00e9, il est difficile de l'enlever. Veillez \u00e0 une bonne ventilation et \u00e0 une protection respiratoire pendant l'utilisation.<\/p>\n<p>Nous pouvons personnaliser les produits en fonction de vos exigences.<\/p>\n<p><strong>MOQ<\/strong>: 10 000 pi\u00e8ces<\/p>\n<p><strong>Exemple\uff1a<\/strong>\u00a0gratuit fourni<\/p>","protected":false},"featured_media":2275,"template":"","meta":{"footnotes":""},"product_cat":[104],"product_tag":[107,105,113,106],"product-category":[],"product-tag":[],"class_list":["post-2181","product","type-product","status-publish","has-post-thumbnail","hentry","product_cat-cellphone-adhesive","product_tag-adhesive","product_tag-cellphone-repair","product_tag-e8000","product_tag-zero-toluene"],"_links":{"self":[{"href":"https:\/\/cocoadhesive.com\/fr\/wp-json\/wp\/v2\/product\/2181","targetHints":{"allow":["GET"]}}],"collection":[{"href":"https:\/\/cocoadhesive.com\/fr\/wp-json\/wp\/v2\/product"}],"about":[{"href":"https:\/\/cocoadhesive.com\/fr\/wp-json\/wp\/v2\/types\/product"}],"version-history":[{"count":9,"href":"https:\/\/cocoadhesive.com\/fr\/wp-json\/wp\/v2\/product\/2181\/revisions"}],"predecessor-version":[{"id":2273,"href":"https:\/\/cocoadhesive.com\/fr\/wp-json\/wp\/v2\/product\/2181\/revisions\/2273"}],"wp:featuredmedia":[{"embeddable":true,"href":"https:\/\/cocoadhesive.com\/fr\/wp-json\/wp\/v2\/media\/2275"}],"wp:attachment":[{"href":"https:\/\/cocoadhesive.com\/fr\/wp-json\/wp\/v2\/media?parent=2181"}],"wp:term":[{"taxonomy":"product_cat","embeddable":true,"href":"https:\/\/cocoadhesive.com\/fr\/wp-json\/wp\/v2\/product_cat?post=2181"},{"taxonomy":"product_tag","embeddable":true,"href":"https:\/\/cocoadhesive.com\/fr\/wp-json\/wp\/v2\/product_tag?post=2181"},{"taxonomy":"product-category","embeddable":true,"href":"https:\/\/cocoadhesive.com\/fr\/wp-json\/wp\/v2\/product-category?post=2181"},{"taxonomy":"product-tag","embeddable":true,"href":"https:\/\/cocoadhesive.com\/fr\/wp-json\/wp\/v2\/product-tag?post=2181"}],"curies":[{"name":"wp","href":"https:\/\/api.w.org\/{rel}","templated":true}]}}