{"id":2228,"date":"2023-08-29T18:16:23","date_gmt":"2023-08-29T10:16:23","guid":{"rendered":"https:\/\/cocoadhesive.com\/?post_type=product&#038;p=2228"},"modified":"2023-09-18T10:41:50","modified_gmt":"2023-09-18T02:41:50","slug":"t-8000-glue","status":"publish","type":"product","link":"https:\/\/cocoadhesive.com\/fr\/product\/colle-t-8000\/","title":{"rendered":"Colle T 8000"},"content":{"rendered":"<div class=\"elementor-element elementor-element-6c15d109 elementor-widget elementor-widget-heading\" data-id=\"6c15d109\" data-element_type=\"widget\" data-widget_type=\"heading.default\">\n<div class=\"elementor-widget-container\">\n<h2 class=\"elementor-heading-title elementor-size-default\"><strong>Une performance de premier ordre :<\/strong><\/h2>\n<\/div>\n<\/div>\n<div class=\"elementor-element elementor-element-228cefd9 elementor-widget elementor-widget-text-editor\" data-id=\"228cefd9\" data-element_type=\"widget\" data-widget_type=\"text-editor.default\">\n<div class=\"elementor-widget-container\">\n<p>Si vous \u00eates \u00e0 la recherche d'un adh\u00e9sif fiable pour les r\u00e9parations \u00e9lectroniques, en particulier pour les t\u00e9l\u00e9phones portables et les tablettes, ne cherchez pas plus loin que l'adh\u00e9sif pour t\u00e9l\u00e9phones portables. Avec un contenu solide impressionnant de 30%-35%, la colle adh\u00e9sive COCO se distingue sur le march\u00e9 concurrentiel des adh\u00e9sifs. Non seulement elle surpasse les colles silicone, acrylique et caoutchouc en termes d'adh\u00e9rence, mais sa capacit\u00e9 \u00e0 r\u00e9sister aux gaz, aux liquides et aux flux d'air garantit des performances sous-marines in\u00e9gal\u00e9es.<\/p>\n<h3>\nConception de pr\u00e9cision :<\/h3>\n<p>L'adh\u00e9sif COCO n'est pas une colle \u00e0 strass comme les autres. Son embout int\u00e9gr\u00e9 unique facilite la pr\u00e9cision, vous permettant de passer de petits points \u00e0 des lignes continues sans effort. La conception est \u00e9galement anti-d\u00e9bordement, ce qui permet d'\u00e9viter tout gaspillage et de pr\u00e9venir les obstructions apr\u00e8s utilisation, am\u00e9liorant ainsi l'exp\u00e9rience de l'utilisateur.<\/p>\n<h3>\nSolution polyvalente ultime :<\/h3>\n<p>Qu'il s'agisse d'\u00e9lectronique, de bijoux, de strass, de cuir ou de c\u00e9ramique, l'adh\u00e9sif COCO est votre solution unique. Sa polyvalence in\u00e9gal\u00e9e t\u00e9moigne de son efficacit\u00e9 \u00e0 coller des mat\u00e9riaux tels que le bois, le plastique, le b\u00e9ton, le verre, le m\u00e9tal, le caoutchouc, la fibre, le papier, le PVC et bien d'autres encore. D\u00e9couvrez la force d'adh\u00e9rence in\u00e9gal\u00e9e de COCO, la meilleure colle pour cuir de l'industrie.<\/p>\n<h3>\nConstruit pour durer :<\/h3>\n<p>L'\u00e9lasticit\u00e9 et la durabilit\u00e9 sont les pierres angulaires de la colle \u00e0 tissu COCO. Capable de s'\u00e9tirer jusqu'\u00e0 900% sans se rompre, sa r\u00e9sistance est in\u00e9gal\u00e9e. Et le meilleur ? Elle conserve son aspect cristallin sans jaunir apr\u00e8s s\u00e9chage.<\/p>\n<h3>\nService apr\u00e8s-vente ax\u00e9 sur le client :<\/h3>\n<p>Chez COCO, la satisfaction du client est primordiale. Vous avez une question ou un probl\u00e8me avec notre colle de fusion liquide pour strass ? Contactez notre \u00e9quipe d\u00e9vou\u00e9e et d\u00e9couvrez notre engagement \u00e0 vous assurer 100% satisfaction.<\/p>\n<\/div>\n<p>&nbsp;<\/p>\n<\/div>\n<h3><strong>UTILISER :<\/strong><\/h3>\n<ol>\n<li>Veillez \u00e0 lire attentivement la description du produit avant de l'utiliser.<\/li>\n<li>Avant de proc\u00e9der \u00e0 une application g\u00e9n\u00e9ralis\u00e9e, il convient d'effectuer un essai sur une petite surface.<\/li>\n<li>S'assurer que les surfaces \u00e0 coller sont propres et s\u00e8ches.<\/li>\n<li>La meilleure temp\u00e9rature pour l'application se situe entre 18 et 32 degr\u00e9s Celsius.<\/li>\n<li>Appliquer uniform\u00e9ment l'adh\u00e9sif sur la zone souhait\u00e9e, directement \u00e0 partir du flacon.<\/li>\n<li>Apr\u00e8s avoir attendu 3 \u00e0 6 minutes, presser l\u00e9g\u00e8rement les deux surfaces l'une contre l'autre.<\/li>\n<li>Laisser durcir pendant plusieurs heures ; la meilleure force d'adh\u00e9rence est obtenue apr\u00e8s 48 heures.<\/li>\n<li>Apr\u00e8s utilisation, fermer herm\u00e9tiquement le flacon pour \u00e9viter l'exposition \u00e0 l'air et le dess\u00e8chement.<\/li>\n<\/ol>\n<p>&nbsp;<\/p>\n<h3><strong>Pr\u00e9cautions de s\u00e9curit\u00e9 :<\/strong><\/h3>\n<ul>\n<li>Peut provoquer une irritation de la peau et des yeux.<\/li>\n<li>Toujours utiliser dans des endroits bien ventil\u00e9s.<\/li>\n<li>En cas de contact avec les yeux, rincer imm\u00e9diatement et abondamment avec de l'eau.<\/li>\n<li>Conserver hors de port\u00e9e des enfants et tenir \u00e0 l'\u00e9cart des flammes pendant l'utilisation.<\/li>\n<li>A une dur\u00e9e de conservation de 2 ans ; v\u00e9rifier la date de fin d'utilisation du produit pour une utilisation s\u00fbre.<\/li>\n<\/ul>","protected":false},"excerpt":{"rendered":"<p>T 8000 Professional Bonding Adhesive. Choisi par les experts de l'industrie pour une large gamme d'applications, cet adh\u00e9sif se fixe rapidement tout en conservant la flexibilit\u00e9 n\u00e9cessaire pour \u00eatre d\u00e9tach\u00e9 en cas de besoin. Lors d'essais comparatifs, le T 8000 a d\u00e9montr\u00e9 des performances d'adh\u00e9sion sup\u00e9rieures lors de la fixation d'\u00e9crans et de bo\u00eetiers pour des marques telles qu'Apple, Samsung, Fitbit et Garmin. Sp\u00e9cialement con\u00e7u pour les connexions verre-m\u00e9tal, cet adh\u00e9sif est plus efficace que son pr\u00e9d\u00e9cesseur, le B-7000, qui excelle dans le remplissage des espaces et les liaisons plastique-plastique.<\/p>\n<p>Nous pouvons personnaliser les produits en fonction de vos exigences.<\/p>\n<p><strong>MOQ<\/strong>: 10 000 pi\u00e8ces<\/p>\n<p><strong>Exemple\uff1a<\/strong>\u00a0gratuit fourni<\/p>","protected":false},"featured_media":1706,"template":"","meta":{"footnotes":""},"product_cat":[104],"product_tag":[107,105,111,106],"product-category":[],"product-tag":[],"class_list":["post-2228","product","type-product","status-publish","has-post-thumbnail","hentry","product_cat-cellphone-adhesive","product_tag-adhesive","product_tag-cellphone-repair","product_tag-t8000","product_tag-zero-toluene"],"_links":{"self":[{"href":"https:\/\/cocoadhesive.com\/fr\/wp-json\/wp\/v2\/product\/2228","targetHints":{"allow":["GET"]}}],"collection":[{"href":"https:\/\/cocoadhesive.com\/fr\/wp-json\/wp\/v2\/product"}],"about":[{"href":"https:\/\/cocoadhesive.com\/fr\/wp-json\/wp\/v2\/types\/product"}],"version-history":[{"count":6,"href":"https:\/\/cocoadhesive.com\/fr\/wp-json\/wp\/v2\/product\/2228\/revisions"}],"predecessor-version":[{"id":2264,"href":"https:\/\/cocoadhesive.com\/fr\/wp-json\/wp\/v2\/product\/2228\/revisions\/2264"}],"wp:featuredmedia":[{"embeddable":true,"href":"https:\/\/cocoadhesive.com\/fr\/wp-json\/wp\/v2\/media\/1706"}],"wp:attachment":[{"href":"https:\/\/cocoadhesive.com\/fr\/wp-json\/wp\/v2\/media?parent=2228"}],"wp:term":[{"taxonomy":"product_cat","embeddable":true,"href":"https:\/\/cocoadhesive.com\/fr\/wp-json\/wp\/v2\/product_cat?post=2228"},{"taxonomy":"product_tag","embeddable":true,"href":"https:\/\/cocoadhesive.com\/fr\/wp-json\/wp\/v2\/product_tag?post=2228"},{"taxonomy":"product-category","embeddable":true,"href":"https:\/\/cocoadhesive.com\/fr\/wp-json\/wp\/v2\/product-category?post=2228"},{"taxonomy":"product-tag","embeddable":true,"href":"https:\/\/cocoadhesive.com\/fr\/wp-json\/wp\/v2\/product-tag?post=2228"}],"curies":[{"name":"wp","href":"https:\/\/api.w.org\/{rel}","templated":true}]}}