{"id":2297,"date":"2023-08-30T09:59:26","date_gmt":"2023-08-30T01:59:26","guid":{"rendered":"https:\/\/cocoadhesive.com\/?post_type=product&#038;p=2297"},"modified":"2023-08-30T09:59:27","modified_gmt":"2023-08-30T01:59:27","slug":"b-6000-glue","status":"publish","type":"product","link":"https:\/\/cocoadhesive.com\/it\/product\/b-6000-colla\/","title":{"rendered":"B 6000 colla"},"content":{"rendered":"<p>Se siete alla ricerca di un adesivo affidabile per le riparazioni elettroniche, in particolare per i telefoni cellulari e i tablet, non cercate altro che l'adesivo per cellulari. Con un impressionante contenuto solido di 30%-35%, la colla adesiva COCO B 6000 si distingue nel competitivo mercato degli adesivi. Non solo supera in adesione le colle siliconiche, acriliche e di gomma, ma la sua capacit\u00e0 di resistere a gas, liquidi e flussi d'aria garantisce prestazioni subacquee senza pari.<\/p>\n<div class=\"elementor-element elementor-element-228cefd9 elementor-widget elementor-widget-text-editor\" data-id=\"228cefd9\" data-element_type=\"widget\" data-widget_type=\"text-editor.default\">\n<div class=\"elementor-widget-container\">\n<h3><strong>Design di precisione:<\/strong><\/h3>\n<p>L'adesivo COCO non \u00e8 una semplice colla per strass. La sua esclusiva punta incorporata facilita la precisione, consentendo di passare da piccoli punti a linee continue senza sforzo. Il design \u00e8 inoltre a prova di fuoriuscita, garantendo zero sprechi e prevenendo gli intasamenti post-utilizzo, migliorando l'esperienza dell'utente.<\/p>\n<h3><strong>La soluzione multiuso per eccellenza:<\/strong><\/h3>\n<p>Dall'elettronica, alla gioielleria, agli strass, fino al cuoio e alla ceramica, l'adesivo COCO \u00e8 la soluzione unica. La sua impareggiabile versatilit\u00e0 testimonia la sua efficacia nell'incollaggio di materiali come legno, plastica, cemento, vetro, metallo, gomma, fibra, carta, PVC e molti altri. Provate l'impareggiabile forza di incollaggio di COCO, la colla per pelle leader del settore.<\/p>\n<h3><strong>Costruito per durare nel tempo:<\/strong><\/h3>\n<p>Elasticit\u00e0 e durata sono i capisaldi della colla per tessuti COCO. Con la capacit\u00e0 di allungarsi fino a 900% senza spezzarsi, la sua resilienza \u00e8 impareggiabile. E la cosa migliore? Mantiene il suo aspetto cristallino senza ingiallire dopo la polimerizzazione.<\/p>\n<h3><strong>Servizio post-vendita incentrato sul cliente:<\/strong><\/h3>\n<p>In COCO la soddisfazione del cliente \u00e8 fondamentale. Avete domande o problemi con la nostra colla a fusione liquida per strass? Rivolgetevi al nostro team dedicato e sperimentate il nostro impegno per garantire la vostra 100% soddisfazione.<\/p>\n<\/div>\n<p>&nbsp;<\/p>\n<\/div>\n<h3><strong>UTILIZZO:<\/strong><\/h3>\n<ol>\n<li>Assicurarsi di leggere attentamente la descrizione del prodotto prima dell'uso.<\/li>\n<li>Prima di un'applicazione diffusa, effettuare un test su una piccola area.<\/li>\n<li>Assicurarsi che le superfici da incollare siano pulite e asciutte.<\/li>\n<li>La temperatura migliore per l'applicazione \u00e8 compresa tra 18 e 32 gradi Celsius.<\/li>\n<li>Applicare l'adesivo in modo uniforme sull'area desiderata direttamente dal flacone.<\/li>\n<li>Dopo aver atteso 3-6 minuti, premere leggermente le due superfici.<\/li>\n<li>Lasciare indurire per alcune ore; la migliore forza di adesione si ottiene dopo 48 ore.<\/li>\n<li>Dopo l'uso, chiudere bene il flacone per evitare l'esposizione all'aria e l'essiccazione.<\/li>\n<\/ol>\n<p>&nbsp;<\/p>\n<h3><strong>Precauzioni di sicurezza:<\/strong><\/h3>\n<ul>\n<li>Pu\u00f2 causare irritazione alla pelle e agli occhi.<\/li>\n<li>Utilizzare sempre in aree con una buona ventilazione.<\/li>\n<li>In caso di contatto con gli occhi, sciacquare immediatamente con abbondante acqua.<\/li>\n<li>Conservare fuori dalla portata dei bambini e tenere lontano dalle fiamme durante l'uso.<\/li>\n<li>Ha una durata di conservazione di 2 anni; verificare la data di scadenza del prodotto per un utilizzo sicuro.<\/li>\n<\/ul>","protected":false},"excerpt":{"rendered":"<p>La colla COCO B6000 \u00e8 un adesivo versatile rinomato per le sue forti capacit\u00e0 di incollaggio. Adatto a diverse superfici, asciuga rapidamente, garantendo risultati durevoli e di lunga durata. Ideale per applicazioni domestiche e industriali, questo adesivo garantisce una tenuta sicura, resistendo a fattori ambientali come umidit\u00e0 e temperatura. Il suo design facile da usare rende l'applicazione semplice, consolidando la sua reputazione di scelta affidabile per tutte le esigenze di incollaggio.<\/p>\n<p>Possiamo personalizzare i prodotti in base alle vostre esigenze.<\/p>\n<p><strong>MOQ<\/strong>: 10.000 pezzi<\/p>\n<p><strong>Campione: il campione<\/strong>\u00a0Fornito gratuitamente<\/p>","protected":false},"featured_media":1672,"template":"","meta":{"footnotes":""},"product_cat":[104],"product_tag":[107,115,105,106],"product-category":[],"product-tag":[],"class_list":["post-2297","product","type-product","status-publish","has-post-thumbnail","hentry","product_cat-cellphone-adhesive","product_tag-adhesive","product_tag-b6000","product_tag-cellphone-repair","product_tag-zero-toluene"],"_links":{"self":[{"href":"https:\/\/cocoadhesive.com\/it\/wp-json\/wp\/v2\/product\/2297","targetHints":{"allow":["GET"]}}],"collection":[{"href":"https:\/\/cocoadhesive.com\/it\/wp-json\/wp\/v2\/product"}],"about":[{"href":"https:\/\/cocoadhesive.com\/it\/wp-json\/wp\/v2\/types\/product"}],"version-history":[{"count":1,"href":"https:\/\/cocoadhesive.com\/it\/wp-json\/wp\/v2\/product\/2297\/revisions"}],"predecessor-version":[{"id":2298,"href":"https:\/\/cocoadhesive.com\/it\/wp-json\/wp\/v2\/product\/2297\/revisions\/2298"}],"wp:featuredmedia":[{"embeddable":true,"href":"https:\/\/cocoadhesive.com\/it\/wp-json\/wp\/v2\/media\/1672"}],"wp:attachment":[{"href":"https:\/\/cocoadhesive.com\/it\/wp-json\/wp\/v2\/media?parent=2297"}],"wp:term":[{"taxonomy":"product_cat","embeddable":true,"href":"https:\/\/cocoadhesive.com\/it\/wp-json\/wp\/v2\/product_cat?post=2297"},{"taxonomy":"product_tag","embeddable":true,"href":"https:\/\/cocoadhesive.com\/it\/wp-json\/wp\/v2\/product_tag?post=2297"},{"taxonomy":"product-category","embeddable":true,"href":"https:\/\/cocoadhesive.com\/it\/wp-json\/wp\/v2\/product-category?post=2297"},{"taxonomy":"product-tag","embeddable":true,"href":"https:\/\/cocoadhesive.com\/it\/wp-json\/wp\/v2\/product-tag?post=2297"}],"curies":[{"name":"wp","href":"https:\/\/api.w.org\/{rel}","templated":true}]}}